{"id":3954,"date":"2017-03-02T16:59:03","date_gmt":"2017-03-02T16:59:03","guid":{"rendered":"https:\/\/www.cronique.com\/politica-de-cookies\/"},"modified":"2018-07-25T10:04:33","modified_gmt":"2018-07-25T10:04:33","slug":"politica-de-cookies","status":"publish","type":"page","link":"https:\/\/www.cronique.com\/ca\/politica-de-cookies\/","title":{"rendered":"Pol\u00edtica de cookies"},"content":{"rendered":"<div class=\"wpb-content-wrapper\"><p>[vc_row][vc_column][vc_empty_space][vc_column_text]<\/p>\n<h2 style=\"text-align: justify;\">Pol\u00edtica de cookies<\/h2>\n<p style=\"text-align: justify;\"><span style=\"font-weight: 400;\">\u201c<\/span><i><span style=\"font-weight: 400;\">Texto actualizado a 29 de junio de 2018.<\/span><\/i><\/p>\n<p style=\"text-align: justify;\"><span style=\"font-weight: 400;\">En todas las p\u00e1ginas del sitio Web <\/span><span style=\"font-weight: 400;\">www.cronique.com<\/span><span style=\"font-weight: 400;\"> se ilustra informaci\u00f3n sobre su Pol\u00edtica de Cookies en la parte inferior de las mismas para que el Usuario pueda acceder a la misma en cualquier momento de la navegaci\u00f3n, pudiendo:<\/span><\/p>\n<p style=\"text-align: justify;\"><b>.<\/b> <b>Consentir y aceptar que se instalen las cookies<\/b><span style=\"font-weight: 400;\">, en cuyo caso el aviso dejar\u00e1 de verse durante la sesi\u00f3n.<\/span><\/p>\n<p style=\"text-align: justify;\"><b>.<\/b> <b>Modificar la configuraci\u00f3n de su navegador <\/b><span style=\"font-weight: 400;\">para restringir, bloquear o eliminar las cookies en cualquier momento, si bien se advierte que la falta de aceptaci\u00f3n de la instalaci\u00f3n de cookies podr\u00eda impedir o dificultar las funcionalidades del servicio.<\/span><\/p>\n<p style=\"text-align: justify;\"><b>\u00bfQu\u00e9 son las <\/b><b><i>cookies<\/i><\/b><b>?<\/b><\/p>\n<p style=\"text-align: justify;\"><span style=\"font-weight: 400;\">Una <\/span><i><span style=\"font-weight: 400;\">cookie<\/span><\/i><span style=\"font-weight: 400;\"> es un fichero que se descarga en su ordenador al acceder a determinadas p\u00e1ginas Web. Las <\/span><i><span style=\"font-weight: 400;\">cookies<\/span><\/i><span style=\"font-weight: 400;\"> permiten a una p\u00e1gina Web, entre otras cosas, almacenar y recuperar informaci\u00f3n sobre h\u00e1bitos de navegaci\u00f3n de un usuario o de su equipo y, dependiendo de la informaci\u00f3n que contengan y de la forma que utilice su equipo, pueden utilizarse para reconocer al usuario.<\/span><\/p>\n<table>\n<tbody>\n<tr>\n<td><b>\u00bfQU\u00c9 CLASES DE <\/b><b><i>COOKIES UTILIZA <\/i><\/b><a href=\"http:\/\/www.cronique.com\"><b>www.cronique.com<\/b><\/a><b>?<\/b><\/td>\n<\/tr>\n<\/tbody>\n<\/table>\n<p><b>POR EL PLAZO DE TIEMPO QUE PERMANECENA ACTIVADAS<\/b><span style=\"font-weight: 400;\">:<\/span><br \/>\n<b>COOKIES DE SESI\u00d3N<\/b><\/p>\n<p><span style=\"font-weight: 400;\">Son las dise\u00f1adas para recabar y almacenar datos mientras el usuario accede a una p\u00e1gina web.<\/span><\/p>\n<p style=\"text-align: justify;\"><span style=\"font-weight: 400;\">Se suelen emplear para almacenar informaci\u00f3n que s\u00f3lo interesa conservar para la prestaci\u00f3n del servicio solicitado por el usuario en una sola ocasi\u00f3n.<\/span><\/p>\n<h1 style=\"text-align: justify;\"><\/h1>\n<p style=\"text-align: justify;\"><b>COOKIES PERSISTENTES<\/b><\/p>\n<p style=\"text-align: justify;\"><span style=\"font-weight: 400;\">Son un tipo de cookies en las que los datos siguen almacenados en el terminal y pueden ser accedidos y tratados durante un periodo definido por el responsable de la cookie, y que puede ir de unos minutos a varios a\u00f1os.<\/span><\/p>\n<h1 style=\"text-align: justify;\"><\/h1>\n<p style=\"text-align: justify;\"><b>POR SU FINALIDAD<\/b><span style=\"font-weight: 400;\">:<\/span><\/p>\n<h1 style=\"text-align: justify;\"><\/h1>\n<p style=\"text-align: justify;\"><b>COOKIES T\u00c9CNICAS: <\/b><span style=\"font-weight: 400;\">Permiten al usuario la navegaci\u00f3n a trav\u00e9s de una p\u00e1gina web, plataforma o aplicaci\u00f3n y la utilizaci\u00f3n de las diferentes opciones o servicios que en ella existan, pej., controlar el tr\u00e1fico y la comunicaci\u00f3n de datos, identificar la sesi\u00f3n, acceder a partes de acceso restringido, recordar los elementos que integran un pedido, realizar el proceso de compra de un pedido, realizar la solicitud de inscripci\u00f3n o participaci\u00f3n en un evento, utilizar elementos de seguridad durante la navegaci\u00f3n, almacenar contenidos para la difusi\u00f3n de videos o sonido o compartir contenidos a trav\u00e9s de redes sociales.<\/span><\/p>\n<h1 style=\"text-align: justify;\"><\/h1>\n<p style=\"text-align: justify;\"><b>COOKIES DE PERSONALIZACI\u00d3N:<\/b><span style=\"font-weight: 400;\"> Son aquellas que permiten al usuario acceder al servicio con algunas caracter\u00edsticas de car\u00e1cter general predefinidas en funci\u00f3n de una serie de criterios en el terminal del usuario como pej. ser\u00edan el idioma, el tipo de navegador a trav\u00e9s del cual se accede al servicio, la configuraci\u00f3n regional desde donde se accede al servicio, etc. <\/span><\/p>\n<h1 style=\"text-align: justify;\"><\/h1>\n<p style=\"text-align: justify;\"><span style=\"font-weight: 400;\">El detalle de las <\/span><i><span style=\"font-weight: 400;\">cookies<\/span><\/i><span style=\"font-weight: 400;\"> utilizadas en el sitio \u00a0<\/span><a href=\"http:\/\/www.cronique.com\"><span style=\"font-weight: 400;\">www.cronique.com<\/span><\/a> <span style=\"font-weight: 400;\">\u00a0es el siguiente:<\/span><\/p>\n<h1 style=\"text-align: justify;\"><\/h1>\n<table>\n<tbody>\n<tr>\n<td><b>Cookies<\/b><\/td>\n<td><b>Nombre. Dominio asociado<\/b><\/td>\n<td><b>Tipo<\/b><\/td>\n<td><b>Finalidades<\/b><\/td>\n<\/tr>\n<tr>\n<td><b>qtrans_front_language<\/b><\/td>\n<td><b>www.cronique.com<\/b><\/td>\n<td><b>Propia<\/b><\/p>\n<p><b>Persistente<\/b><\/td>\n<td><span style=\"font-weight: 400;\">Se usa para determinar el lenguaje predeterminado.<\/span><\/td>\n<\/tr>\n<\/tbody>\n<\/table>\n<h1 style=\"text-align: justify;\"><\/h1>\n<p style=\"text-align: justify;\"><span style=\"font-weight: 400;\">Puede usted puede permitir, bloquear o eliminar las cookies instaladas en su equipo mediante la configuraci\u00f3n de las opciones del navegador instalado en su ordenador.<\/span><\/p>\n<p style=\"text-align: justify;\"><b>Firefox<\/b><\/p>\n<p style=\"text-align: justify;\"><a href=\"http:\/\/support.mozilla.org\/es\/kb\/habilitar-y-deshabilitar-cookies-que-los-sitios-we\"><span style=\"font-weight: 400;\">http:\/\/support.mozilla.org\/es\/kb\/habilitar-y-deshabilitar-cookies-que-los-sitios-we<\/span><\/a><\/p>\n<p style=\"text-align: justify;\"><b>Chrome<\/b><\/p>\n<p style=\"text-align: justify;\"><a href=\"http:\/\/support.google.com\/chrome\/bin\/answer.py?hl=es&amp;answer=95647\"><span style=\"font-weight: 400;\">http:\/\/support.google.com\/chrome\/bin\/answer.py?hl=es&amp;answer=95647<\/span><\/a><\/p>\n<p style=\"text-align: justify;\"><b>Explorer<\/b><\/p>\n<p style=\"text-align: justify;\"><a href=\"http:\/\/windows.microsoft.com\/es-es\/windows7\/how-to-manage-cookies-in-internet-explorer-9\"><span style=\"font-weight: 400;\">http:\/\/windows.microsoft.com\/es-es\/windows7\/how-to-manage-cookies-in-internet-explorer-9<\/span><\/a><\/p>\n<p style=\"text-align: justify;\"><b>Safari<\/b><\/p>\n<p style=\"text-align: justify;\"><a href=\"https:\/\/support.apple.com\/kb\/ph21411?locale=es_ES\"><span style=\"font-weight: 400;\">https:\/\/support.apple.com\/kb\/ph21411?locale=es_ES<\/span><\/a><\/p>\n<p style=\"text-align: justify;\"><b>Opera<\/b><\/p>\n<p style=\"text-align: justify;\"><a href=\"http:\/\/help.opera.com\/Windows\/11.50\/es-ES\/cookies.html\"><span style=\"font-weight: 400;\">http:\/\/help.opera.com\/Windows\/11.50\/es-ES\/cookies.html<\/span><\/a><\/p>\n<p style=\"text-align: justify;\"><b>Otros navegadores<\/b><\/p>\n<p style=\"text-align: justify;\"><span style=\"font-weight: 400;\">Consulte la documentaci\u00f3n del navegador que tenga instalado.<\/span><\/p>\n<p style=\"text-align: justify;\"><span style=\"font-weight: 400;\">Adem\u00e1s, tambi\u00e9n puede gestionar el almac\u00e9n de cookies en su navegador a trav\u00e9s de herramientas como <\/span><i><span style=\"font-weight: 400;\">Your online choices<\/span><\/i><span style=\"font-weight: 400;\">:\u00a0<\/span><a href=\"http:\/\/www.youronlinechoices.com\/es\/\"><span style=\"font-weight: 400;\">www.youronlinechoices.com\/es\/<\/span><\/a><\/p>\n<p style=\"text-align: justify;\"><span style=\"font-weight: 400;\">Si desea rechazar las cookies anal\u00edticas de <\/span><i><span style=\"font-weight: 400;\">Google Analytics<\/span><\/i><span style=\"font-weight: 400;\"> en todos los navegadores, de forma que no se env\u00ede informaci\u00f3n suya a <\/span><i><span style=\"font-weight: 400;\">Google Analytics<\/span><\/i><span style=\"font-weight: 400;\">, puede descargar un complemento que realiza esta funci\u00f3n desde este enlace: <\/span><a href=\"https:\/\/tools.google.com\/dlpage\/gaoptout\"><span style=\"font-weight: 400;\">https:\/\/tools.google.com\/dlpage\/gaoptout<\/span><\/a><span style=\"font-weight: 400;\">.\u201d<\/span><\/p>\n<p>[\/vc_column_text][vc_empty_space][\/vc_column][\/vc_row]<\/p>\n<\/div>","protected":false},"excerpt":{"rendered":"<p>[vc_row][vc_column][vc_empty_space][vc_column_text] Pol\u00edtica de cookies \u201cTexto actualizado a 29 de junio de 2018. En todas las p\u00e1ginas del sitio Web www.cronique.com se ilustra informaci\u00f3n sobre su Pol\u00edtica de Cookies en la parte inferior de las mismas para que el Usuario pueda acceder a la misma en cualquier momento de la navegaci\u00f3n, pudiendo: . Consentir y aceptar<a title=\"Continue Reading\" class=\"more-link\" href=\"https:\/\/www.cronique.com\/ca\/politica-de-cookies\/\"> Continue Reading<\/a><\/p>\n","protected":false},"author":9,"featured_media":0,"parent":0,"menu_order":12,"comment_status":"closed","ping_status":"closed","template":"page-templates\/full-width.php","meta":{"_acf_changed":false,"footnotes":""},"class_list":["post-3954","page","type-page","status-publish","hentry"],"acf":[],"_links":{"self":[{"href":"https:\/\/www.cronique.com\/ca\/wp-json\/wp\/v2\/pages\/3954","targetHints":{"allow":["GET"]}}],"collection":[{"href":"https:\/\/www.cronique.com\/ca\/wp-json\/wp\/v2\/pages"}],"about":[{"href":"https:\/\/www.cronique.com\/ca\/wp-json\/wp\/v2\/types\/page"}],"author":[{"embeddable":true,"href":"https:\/\/www.cronique.com\/ca\/wp-json\/wp\/v2\/users\/9"}],"replies":[{"embeddable":true,"href":"https:\/\/www.cronique.com\/ca\/wp-json\/wp\/v2\/comments?post=3954"}],"version-history":[{"count":0,"href":"https:\/\/www.cronique.com\/ca\/wp-json\/wp\/v2\/pages\/3954\/revisions"}],"wp:attachment":[{"href":"https:\/\/www.cronique.com\/ca\/wp-json\/wp\/v2\/media?parent=3954"}],"curies":[{"name":"wp","href":"https:\/\/api.w.org\/{rel}","templated":true}]}}