{"id":4440,"date":"2018-07-25T09:47:28","date_gmt":"2018-07-25T09:47:28","guid":{"rendered":"https:\/\/www.cronique.com\/?page_id=4440"},"modified":"2018-07-31T14:04:48","modified_gmt":"2018-07-31T14:04:48","slug":"politica-de-privacidad","status":"publish","type":"page","link":"https:\/\/www.cronique.com\/ca\/politica-de-privacidad\/","title":{"rendered":"Pol\u00edtica de privacitat"},"content":{"rendered":"<div class=\"wpb-content-wrapper\"><p>[vc_row][vc_column][vc_empty_space][vc_column_text]<\/p>\n<h2 style=\"text-align: justify;\">Pol\u00edtica de privacidad<\/h2>\n<p style=\"text-align: justify;\"><span style=\"font-weight: 400;\">\u201c<\/span><i><span style=\"font-weight: 400;\">Actualizado a 29 de junio de 2018.<\/span><\/i><\/p>\n<p style=\"text-align: justify;\"><span style=\"font-weight: 400;\">A trav\u00e9s de la web <\/span><span style=\"font-weight: 400;\">www.cronique.com<\/span><span style=\"font-weight: 400;\"> pueden recabarse datos de car\u00e1cter personal a los Usuarios, por lo que en cumplimiento de la normativa de protecci\u00f3n de datos personales, antes de introducirlos deben leer la presente informaci\u00f3n.<\/span><\/p>\n<p style=\"text-align: justify;\"><span style=\"font-weight: 400;\">Se informa a los usuarios que sus datos ser\u00e1n tratados confidencialmente quedando incorporados en los ficheros con las finalidades que se indican en cada caso.<\/span><\/p>\n<p style=\"text-align: justify;\"><span style=\"font-weight: 400;\">Al acceder a los distintos formularios de la web, usted deber\u00e1 rellenar obligatoriamente los campos que se le soliciten, sin que puedan registrarse ni enviarse si no los rellena todos. \u00a0<\/span><\/p>\n<p style=\"text-align: justify;\"><span style=\"font-weight: 400;\">Asimismo, previamente al registro y env\u00edo del formulario con sus datos personales, ser\u00e1 preciso que marque preceptivamente el <\/span><i><span style=\"font-weight: 400;\">check box<\/span><\/i><span style=\"font-weight: 400;\"> previsto al efecto, sin que el responsable pueda tratar sus datos si no realiza esta acci\u00f3n.<\/span><\/p>\n<p style=\"text-align: justify;\"><span style=\"font-weight: 400;\">CRONIQUE ESPORT, SL no se hace responsable del cumplimiento de la normativa de protecci\u00f3n de datos de terceros propietarios de otros portales a la que se puedan enlazar webs a trav\u00e9s de este portal o que hayan podido establecer <\/span><i><span style=\"font-weight: 400;\">links<\/span><\/i><span style=\"font-weight: 400;\"> al mismo, por lo que el Usuario es el responsable de los datos personales que pueda proporcionarles.<\/span><\/p>\n<p style=\"text-align: justify;\"><b><i>\u00bfQUI\u00c9N ES EL RESPONSABLE DEL TRATAMIENTO DE SUS DATOS PERSONALES?<\/i><\/b><\/p>\n<p style=\"text-align: justify;\"><i><span style=\"font-weight: 400;\">&#8211; Identidad: <\/span><\/i><span style=\"font-weight: 400;\">CRONIQUE ESPORT, SL, CIF: B-58575424<\/span><\/p>\n<p style=\"text-align: justify;\"><span style=\"font-weight: 400;\">&#8211;<\/span><i><span style=\"font-weight: 400;\"> Direcci\u00f3n postal<\/span><\/i><span style=\"font-weight: 400;\">: C. Llinars, 206, baixos -08440- Cardedeu- (Barcelona)- (Espa\u00f1a)<\/span><\/p>\n<p style=\"text-align: justify;\"><span style=\"font-weight: 400;\">&#8211; Tel\u00e9fono: +34 938461741<\/span><\/p>\n<p style=\"text-align: justify;\"><span style=\"font-weight: 400;\">&#8211; Co<\/span><i><span style=\"font-weight: 400;\">rreo electr\u00f3nico: <\/span><\/i><span style=\"font-weight: 400;\">cronique@cronique.com<\/span><\/p>\n<p style=\"text-align: justify;\"><b><i>\u00bfCON QU\u00c9 FINALIDADES TRATAMOS SUS DATOS PERSONALES Y POR CU\u00c1NTO TIEMPO SE CONSERVAR\u00c1N?<\/i><\/b><\/p>\n<p style=\"text-align: justify;\"><span style=\"font-weight: 400;\">Los datos que le solicitamos y cuyo tratamiento nos consiente pueden tener distintas finalidades y guardarse durante diferentes periodos de tiempo:<\/span><\/p>\n<p style=\"text-align: justify;\"><span style=\"font-weight: 400;\">El tratamiento de los datos que solicitamos en el formulario de contacto<\/span><span style=\"font-weight: 400;\"> tiene por finalidad atender sus peticiones de informaci\u00f3n, conserv\u00e1ndose en tanto no solicite el cese de la actividad. <\/span><\/p>\n<p style=\"text-align: justify;\"><span style=\"font-weight: 400;\">El tratamiento de los datos que solicitamos al crear una cuenta<\/span><span style=\"font-weight: 400;\">, tiene por finalidades gestionar la contrataci\u00f3n de nuestros productos, identificarle f\u00e1cilmente como cliente sin que deba introducir sus datos de nuevo cada vez que quiera acceder al servicio, realizar presupuestos y la facturaci\u00f3n, solucionar incidencias, incluidas las devoluciones de productos. Los datos que proporcione se conservar\u00e1n en tanto se mantenga la relaci\u00f3n comercial y en todo caso durante los a\u00f1os necesarios para cumplir con las obligaciones legales.<\/span><\/p>\n<p style=\"text-align: justify;\"><span style=\"font-weight: 400;\">El tratamiento de los datos solicitados para enviarle promociones de nuestros productos<\/span><span style=\"font-weight: 400;\">, tiene por finalidad enviarle publicidad, promociones, informaciones relacionadas con nuestros productos, por cualquier medio (postal, email o tel\u00e9fono) e invitarle a eventos organizados por la empresa. Los datos se conservar\u00e1n en tanto no solicite el cese de la actividad.<\/span><\/p>\n<p style=\"text-align: justify;\"><b><i>\u00bfCU\u00c1L ES LA LEGITIMACI\u00d3N PARA EL TRATAMIENTO DE SUS DATOS?<\/i><\/b><\/p>\n<p style=\"text-align: justify;\"><span style=\"font-weight: 400;\">El env\u00edo de informaci\u00f3n que nos solicita, \u00a0est\u00e1 basada en el consentimiento. <\/span><\/p>\n<p style=\"text-align: justify;\"><span style=\"font-weight: 400;\">La base legal para el tratamiento de sus datos cuando se registra y crea una cuenta, es la ejecuci\u00f3n del contrato que quiere formalizarse al realizar el pedido de nuestros productos seg\u00fan los t\u00e9rminos y condiciones que constan en la web.<\/span><\/p>\n<p style=\"text-align: justify;\"><span style=\"font-weight: 400;\">El env\u00edo de promociones de nuestros productos est\u00e1 basado en el consentimiento que se le solicita, sin que en ning\u00fan caso la retirada de este consentimiento condicione la ejecuci\u00f3n del contrato de compra ni la petici\u00f3n de informaci\u00f3n que nos hubiese solicitado.<\/span><\/p>\n<p style=\"text-align: justify;\"><b><i>\u00bfQUIENES SON LOS DESTINATARIOS DEL TRATAMIENTO DE SUS DATOS?<\/i><\/b><\/p>\n<p style=\"text-align: justify;\"><span style=\"font-weight: 400;\">Sus datos personales se tratar\u00e1n por el responsable del tratamiento, cedi\u00e9ndose solamente en los supuestos previstos legalmente. <\/span><\/p>\n<p style=\"text-align: justify;\"><b><i>\u00bfCU\u00c1LES SON SUS DERECHOS CUANDO NOS FACILITA SUS DATOS?<\/i><\/b><\/p>\n<p style=\"text-align: justify;\"><span style=\"font-weight: 400;\">Tiene derecho a obtener confirmaci\u00f3n sobre si se tratan datos personales que le conciernan, o no y, en tal caso, derecho de acceso a los mismos.<\/span><\/p>\n<p style=\"text-align: justify;\"><span style=\"font-weight: 400;\">Tiene derecho a solicitar la rectificaci\u00f3n de los datos inexactos o, en su caso, solicitar su supresi\u00f3n cuando, entre otros motivos, los datos ya no sean necesarios para los fines que fueron recogidos.<\/span><\/p>\n<p style=\"text-align: justify;\"><span style=\"font-weight: 400;\">En determinadas circunstancias y por motivos relacionados con su situaci\u00f3n particular, podr\u00e1 oponerse al tratamiento de sus datos. <\/span><\/p>\n<p style=\"text-align: justify;\"><span style=\"font-weight: 400;\">En determinadas circunstancias, podr\u00e1 solicitar la limitaci\u00f3n del tratamiento de sus datos, en cuyo caso \u00fanicamente los conservaremos para el ejercicio o la defensa de reclamaciones.<\/span><\/p>\n<p style=\"text-align: justify;\"><span style=\"font-weight: 400;\">Tambi\u00e9n tendr\u00e1 derecho a la portabilidad en determinadas circunstancias, recibir los datos personales que incumben y que nos haya facilitado en un formato estructurado, de uso com\u00fan y lectura mec\u00e1nica, y a que se transmitan a otros responsables del tratamiento cuando el estado de la t\u00e9cnica lo permita.<\/span><\/p>\n<p style=\"text-align: justify;\"><span style=\"font-weight: 400;\">Asimismo, podr\u00e1 retirar el consentimiento para el tratamiento de sus datos en cualquier momento, sin que ello afecte a la licitud del tratamiento basado en el consentimiento previo a su retirada.<\/span><\/p>\n<p style=\"text-align: justify;\"><span style=\"font-weight: 400;\">Para el efectivo ejercicio de los derechos indicados, deber\u00e1 enviar un escrito al efecto dirigido al responsable, a la siguiente direcci\u00f3n: c. Llinars, 206, bajos -08440- Cardedeu. (Barcelona) Espa\u00f1a- o enviando un correo a <\/span><a href=\"mailto:cronique@cronique.com\"><span style=\"font-weight: 400;\">cronique@cronique.com<\/span><\/a><span style=\"font-weight: 400;\"> \u00a0Deber\u00e1 acompa\u00f1ar copia del DNI, pasaporte u otro documento que le identifique, salvo en el caso que use su firma electr\u00f3nica.<\/span><\/p>\n<p style=\"text-align: justify;\"><span style=\"font-weight: 400;\">CRONIQUE ESPORT, SL dejar\u00e1 de tratar los datos, salvo por motivos leg\u00edtimos imperiosos, o el ejercicio o la defensa de posibles reclamaciones. <\/span><\/p>\n<p style=\"text-align: justify;\"><span style=\"font-weight: 400;\">Igualmente en cualquier momento podr\u00e1 oponerse al tratamiento de sus datos personales con fines promocionales, pudiendo enviar un escrito al efecto a la siguiente direcci\u00f3n electr\u00f3nica <\/span><span style=\"font-weight: 400;\">cronique@cronique.com<\/span><span style=\"font-weight: 400;\"> \u00a0<\/span><\/p>\n<p style=\"text-align: justify;\"><span style=\"font-weight: 400;\">As\u00ed mismo le informamos que tiene derecho a presentar una reclamaci\u00f3n ante una autoridad de control como lo es la Agencia Espa\u00f1ola de Protecci\u00f3n de Datos, especialmente cuando no haya obtenido satisfacci\u00f3n en el ejercicio de sus derechos, pudiendo contactar con ella en la direcci\u00f3n c. Jorge Juan, 6 -28002-Madrid-.<\/span><\/p>\n<p style=\"text-align: justify;\"><span style=\"font-weight: 400;\">\u00a9 <\/span><i><span style=\"font-weight: 400;\">Todos los derechos reservados<\/span><\/i><span style=\"font-weight: 400;\">.\u201d<\/span><\/p>\n<p>[\/vc_column_text][vc_empty_space][\/vc_column][\/vc_row]<\/p>\n<\/div>","protected":false},"excerpt":{"rendered":"<p>[vc_row][vc_column][vc_empty_space][vc_column_text] Pol\u00edtica de privacidad \u201cActualizado a 29 de junio de 2018. A trav\u00e9s de la web www.cronique.com pueden recabarse datos de car\u00e1cter personal a los Usuarios, por lo que en cumplimiento de la normativa de protecci\u00f3n de datos personales, antes de introducirlos deben leer la presente informaci\u00f3n. Se informa a los usuarios que sus datos<a title=\"Continue Reading\" class=\"more-link\" href=\"https:\/\/www.cronique.com\/ca\/politica-de-privacidad\/\"> Continue Reading<\/a><\/p>\n","protected":false},"author":9,"featured_media":0,"parent":0,"menu_order":7,"comment_status":"closed","ping_status":"closed","template":"page-templates\/full-width.php","meta":{"_acf_changed":false,"footnotes":""},"class_list":["post-4440","page","type-page","status-publish","hentry"],"acf":[],"_links":{"self":[{"href":"https:\/\/www.cronique.com\/ca\/wp-json\/wp\/v2\/pages\/4440","targetHints":{"allow":["GET"]}}],"collection":[{"href":"https:\/\/www.cronique.com\/ca\/wp-json\/wp\/v2\/pages"}],"about":[{"href":"https:\/\/www.cronique.com\/ca\/wp-json\/wp\/v2\/types\/page"}],"author":[{"embeddable":true,"href":"https:\/\/www.cronique.com\/ca\/wp-json\/wp\/v2\/users\/9"}],"replies":[{"embeddable":true,"href":"https:\/\/www.cronique.com\/ca\/wp-json\/wp\/v2\/comments?post=4440"}],"version-history":[{"count":0,"href":"https:\/\/www.cronique.com\/ca\/wp-json\/wp\/v2\/pages\/4440\/revisions"}],"wp:attachment":[{"href":"https:\/\/www.cronique.com\/ca\/wp-json\/wp\/v2\/media?parent=4440"}],"curies":[{"name":"wp","href":"https:\/\/api.w.org\/{rel}","templated":true}]}}