{"id":6,"date":"2016-06-28T09:01:33","date_gmt":"2016-06-28T09:01:33","guid":{"rendered":"http:\/\/cronique.com\/?page_id=6"},"modified":"2023-01-24T13:05:03","modified_gmt":"2023-01-24T13:05:03","slug":"empresa-cronique","status":"publish","type":"page","link":"https:\/\/www.cronique.com\/ca\/empresa-cronique\/","title":{"rendered":"EMPRESA"},"content":{"rendered":"<div class=\"wpb-content-wrapper\"><p>[vc_row full_width=&#8221;stretch_row&#8221; css=&#8221;.vc_custom_1469720501666{background-color: #4e0000 !important;}&#8221;][vc_column][rev_slider_vc alias=&#8221;video&#8221;][vc_media_grid element_width=&#8221;3&#8243; gap=&#8221;0&#8243; item=&#8221;masonryMedia_SolidBlurOut&#8221; grid_id=&#8221;vc_gid:1621327675144-0e93de12-f663-4&#8243; include=&#8221;3791,1293,1292,1289&#8243;][\/vc_column][\/vc_row][vc_row][vc_column][vc_empty_space][vc_row_inner][vc_column_inner width=&#8221;1\/6&#8243;][\/vc_column_inner][vc_column_inner width=&#8221;2\/3&#8243;][vc_column_text]<\/p>\n<p style=\"text-align: justify;\">Croniqu\u00e9 Esport \u00e9s una empresa ubicada a Cardedeu (Barcelona) que va sorgir fruit de la passi\u00f3 pels cotxes dels germans \u00a0Marc \u00a0i \u00a0Eloi Masip Noguera, especialment pel Lancia Delta Integrale.<\/p>\n<p style=\"text-align: justify;\">Ja de ben petits comen\u00e7aren a tenir l\u2019afici\u00f3 pel m\u00f3n del motor i amb 12 anys van reparar un Seat 600 destinat al desballestament i que els hi va regalar els seus tiets. Condu\u00efen el 600 per un terreny tancat, disfrutant i aprenent.\u00a0 All\u00e0 van comen\u00e7ar a desenvolupar aquella part creativa de nens que anys despr\u00e9s els servir\u00e0 per la seva \u00a0dedicaci\u00f3 professional.<\/p>\n<p style=\"text-align: justify;\">All\u00f2 va ser una experi\u00e8ncia inoblidable que els marcar\u00e0 positivament per sempre.<\/p>\n<p style=\"text-align: justify;\">L\u2019any 1995 van preparar el seu primer Lancia Delta Integrale amb molts esfor\u00e7os i aconseguiren muntar un vehicle de competici\u00f3 amb el que participaren a varis ral\u00b7lis del campionat de Catalunya, ajudats sempre per una colla d\u2019amics que no mai els hi fallaven.<\/p>\n<p style=\"text-align: justify;\"><span style=\"font-weight: 400;\">Posteriorment es dedicaran professionalment a la restauraci\u00f3, manteniment i venda d&#8217;aquest emblem\u00e0tic model fent una feina artesanal i ampliant cada dia <\/span>els clients que confien en ells i que deixen els seus vehicles en bones mans, a les mans de Croniqu\u00e9 Esport.<\/p>\n<p>[\/vc_column_text][\/vc_column_inner][vc_column_inner width=&#8221;1\/6&#8243;][\/vc_column_inner][\/vc_row_inner][vc_empty_space][\/vc_column][\/vc_row][vc_row full_width=&#8221;stretch_row&#8221; css=&#8221;.vc_custom_1469720501666{background-color: #4e0000 !important;}&#8221;][vc_column][vc_empty_space][vc_media_grid element_width=&#8221;3&#8243; gap=&#8221;0&#8243; item=&#8221;masonryMedia_SolidBlurOut&#8221; grid_id=&#8221;vc_gid:1621327675148-f526c0d7-9daf-10&#8243; include=&#8221;3440,3442,3443,3448&#8243;][vc_empty_space][\/vc_column][\/vc_row][vc_row][vc_column][\/vc_column][\/vc_row]<\/p>\n<\/div>","protected":false},"excerpt":{"rendered":"<p>[vc_row full_width=&#8221;stretch_row&#8221; css=&#8221;.vc_custom_1469720501666{background-color: #4e0000 !important;}&#8221;][vc_column][rev_slider_vc alias=&#8221;video&#8221;][vc_media_grid element_width=&#8221;3&#8243; gap=&#8221;0&#8243; item=&#8221;masonryMedia_SolidBlurOut&#8221; grid_id=&#8221;vc_gid:1621327675144-0e93de12-f663-4&#8243; include=&#8221;3791,1293,1292,1289&#8243;][\/vc_column][\/vc_row][vc_row][vc_column][vc_empty_space][vc_row_inner][vc_column_inner width=&#8221;1\/6&#8243;][\/vc_column_inner][vc_column_inner width=&#8221;2\/3&#8243;][vc_column_text] Croniqu\u00e9 Esport \u00e9s una empresa ubicada a Cardedeu (Barcelona) que va sorgir fruit de la passi\u00f3 pels cotxes dels germans \u00a0Marc \u00a0i \u00a0Eloi Masip Noguera, especialment pel Lancia Delta Integrale. Ja de ben petits comen\u00e7aren a tenir l\u2019afici\u00f3 pel m\u00f3n del motor<a title=\"Continue Reading\" class=\"more-link\" href=\"https:\/\/www.cronique.com\/ca\/empresa-cronique\/\"> Continue Reading<\/a><\/p>\n","protected":false},"author":9,"featured_media":0,"parent":0,"menu_order":11,"comment_status":"closed","ping_status":"closed","template":"page-templates\/full-width.php","meta":{"_acf_changed":false,"footnotes":""},"class_list":["post-6","page","type-page","status-publish","hentry"],"acf":[],"_links":{"self":[{"href":"https:\/\/www.cronique.com\/ca\/wp-json\/wp\/v2\/pages\/6","targetHints":{"allow":["GET"]}}],"collection":[{"href":"https:\/\/www.cronique.com\/ca\/wp-json\/wp\/v2\/pages"}],"about":[{"href":"https:\/\/www.cronique.com\/ca\/wp-json\/wp\/v2\/types\/page"}],"author":[{"embeddable":true,"href":"https:\/\/www.cronique.com\/ca\/wp-json\/wp\/v2\/users\/9"}],"replies":[{"embeddable":true,"href":"https:\/\/www.cronique.com\/ca\/wp-json\/wp\/v2\/comments?post=6"}],"version-history":[{"count":6,"href":"https:\/\/www.cronique.com\/ca\/wp-json\/wp\/v2\/pages\/6\/revisions"}],"predecessor-version":[{"id":6121,"href":"https:\/\/www.cronique.com\/ca\/wp-json\/wp\/v2\/pages\/6\/revisions\/6121"}],"wp:attachment":[{"href":"https:\/\/www.cronique.com\/ca\/wp-json\/wp\/v2\/media?parent=6"}],"curies":[{"name":"wp","href":"https:\/\/api.w.org\/{rel}","templated":true}]}}