{"id":8,"date":"2016-06-28T09:01:44","date_gmt":"2016-06-28T09:01:44","guid":{"rendered":"http:\/\/cronique.com\/?page_id=8"},"modified":"2025-05-29T09:47:20","modified_gmt":"2025-05-29T09:47:20","slug":"taller-cronique","status":"publish","type":"page","link":"https:\/\/www.cronique.com\/ca\/taller-cronique\/","title":{"rendered":"TALLER"},"content":{"rendered":"<div class=\"wpb-content-wrapper\"><p>[vc_row][vc_column][rev_slider_vc alias=&#8221;taller&#8221;][vc_empty_space][\/vc_column][\/vc_row][vc_row full_width=&#8221;stretch_row&#8221; equal_height=&#8221;yes&#8221;][vc_column width=&#8221;1\/3&#8243;][vc_custom_heading text=&#8221;INSTAL\u00b7LACIONS&#8221; font_container=&#8221;tag:h3|text_align:left&#8221; use_theme_fonts=&#8221;yes&#8221; css=&#8221;.vc_custom_1480350203872{margin-top: 0px !important;}&#8221;][vc_column_text css=&#8221;.vc_custom_1748511987169{margin-bottom: 15px !important;}&#8221;]<\/p>\n<p style=\"text-align: justify;\"><span class=\"TextRun Highlight SCXW135923327 BCX0\" lang=\"ES-ES\" xml:lang=\"ES-ES\" data-contrast=\"none\"><span class=\"NormalTextRun SpellingErrorV2Themed SpellingErrorHighlight SCXW135923327 BCX0\" data-ccp-charstyle=\"rynqvb\" data-ccp-charstyle-defn=\"{&quot;ObjectId&quot;:&quot;3d1006f2-a931-5bb6-a279-40ed39f1e64c|1&quot;,&quot;ClassId&quot;:1073872969,&quot;Properties&quot;:[201342446,&quot;1&quot;,201342447,&quot;5&quot;,201342448,&quot;1&quot;,201342449,&quot;1&quot;,469777841,&quot;Calibri&quot;,469777842,&quot;&quot;,469777843,&quot;Calibri&quot;,469777844,&quot;Calibri&quot;,201341986,&quot;1&quot;,469769226,&quot;Calibri&quot;,268442635,&quot;22&quot;,469775450,&quot;rynqvb&quot;,201340122,&quot;1&quot;,134233614,&quot;true&quot;,469778129,&quot;rynqvb&quot;,335572020,&quot;1&quot;,469778324,&quot;Default Paragraph Font&quot;]}\">Disposem<\/span> <span class=\"NormalTextRun SpellingErrorV2Themed SCXW135923327 BCX0\" data-ccp-charstyle=\"rynqvb\">d&#8217;instal\u00b7lacions<\/span> <span class=\"NormalTextRun SpellingErrorV2Themed SCXW135923327 BCX0\" data-ccp-charstyle=\"rynqvb\">on<\/span><span class=\"NormalTextRun SCXW135923327 BCX0\" data-ccp-charstyle=\"rynqvb\"> es fan <\/span><span class=\"NormalTextRun SpellingErrorV2Themed SCXW135923327 BCX0\" data-ccp-charstyle=\"rynqvb\">treballs<\/span><span class=\"NormalTextRun SCXW135923327 BCX0\" data-ccp-charstyle=\"rynqvb\"> de <\/span><span class=\"NormalTextRun SpellingErrorV2Themed SCXW135923327 BCX0\" data-ccp-charstyle=\"rynqvb\">manteniment<\/span><span class=\"NormalTextRun SCXW135923327 BCX0\" data-ccp-charstyle=\"rynqvb\"> i <\/span><span class=\"NormalTextRun SpellingErrorV2Themed SCXW135923327 BCX0\" data-ccp-charstyle=\"rynqvb\">restauraci\u00f3<\/span> <span class=\"NormalTextRun SpellingErrorV2Themed SCXW135923327 BCX0\" data-ccp-charstyle=\"rynqvb\">dels<\/span> <span class=\"NormalTextRun SpellingErrorV2Themed SCXW135923327 BCX0\" data-ccp-charstyle=\"rynqvb\">vehicles<\/span> <span class=\"NormalTextRun SpellingErrorV2Themed SCXW135923327 BCX0\" data-ccp-charstyle=\"rynqvb\">adquirits<\/span> <span class=\"NormalTextRun SpellingErrorV2Themed SCXW135923327 BCX0\" data-ccp-charstyle=\"rynqvb\">pels<\/span> <span class=\"NormalTextRun SpellingErrorV2Themed SCXW135923327 BCX0\" data-ccp-charstyle=\"rynqvb\">nostres<\/span> <span class=\"NormalTextRun SpellingErrorV2Themed SCXW135923327 BCX0\" data-ccp-charstyle=\"rynqvb\">clients<\/span><span class=\"NormalTextRun SCXW135923327 BCX0\" data-ccp-charstyle=\"rynqvb\"> a <\/span><span class=\"NormalTextRun SpellingErrorV2Themed SCXW135923327 BCX0\" data-ccp-charstyle=\"rynqvb\">Croniqu\u00e9<\/span> <span class=\"NormalTextRun SpellingErrorV2Themed SCXW135923327 BCX0\" data-ccp-charstyle=\"rynqvb\">Esport<\/span><span class=\"NormalTextRun SCXW135923327 BCX0\" data-ccp-charstyle=\"rynqvb\">.<\/span><\/span><span class=\"TextRun Highlight SCXW135923327 BCX0\" lang=\"ES-ES\" xml:lang=\"ES-ES\" data-contrast=\"none\"> <span class=\"NormalTextRun SCXW135923327 BCX0\" data-ccp-charstyle=\"rynqvb\">Un <\/span><span class=\"NormalTextRun SpellingErrorV2Themed SCXW135923327 BCX0\" data-ccp-charstyle=\"rynqvb\">treball<\/span><span class=\"NormalTextRun SCXW135923327 BCX0\" data-ccp-charstyle=\"rynqvb\"> artesanal del <\/span><span class=\"NormalTextRun SpellingErrorV2Themed SCXW135923327 BCX0\" data-ccp-charstyle=\"rynqvb\">Lancia<\/span><span class=\"NormalTextRun SCXW135923327 BCX0\" data-ccp-charstyle=\"rynqvb\"> Delta <\/span><span class=\"NormalTextRun SpellingErrorV2Themed SCXW135923327 BCX0\" data-ccp-charstyle=\"rynqvb\">Integrale<\/span> <span class=\"NormalTextRun SpellingErrorV2Themed SCXW135923327 BCX0\" data-ccp-charstyle=\"rynqvb\">on<\/span> <span class=\"NormalTextRun SpellingErrorV2Themed SCXW135923327 BCX0\" data-ccp-charstyle=\"rynqvb\">ajudem<\/span> <span class=\"NormalTextRun SpellingErrorV2Themed SCXW135923327 BCX0\" data-ccp-charstyle=\"rynqvb\">aix\u00ed<\/span><span class=\"NormalTextRun SCXW135923327 BCX0\" data-ccp-charstyle=\"rynqvb\"> a <\/span><span class=\"NormalTextRun SpellingErrorV2Themed SCXW135923327 BCX0\" data-ccp-charstyle=\"rynqvb\">mantenir<\/span> <span class=\"NormalTextRun SpellingErrorV2Themed SCXW135923327 BCX0\" data-ccp-charstyle=\"rynqvb\">viu<\/span> <span class=\"NormalTextRun SpellingErrorV2Themed SCXW135923327 BCX0\" data-ccp-charstyle=\"rynqvb\">part<\/span><span class=\"NormalTextRun SCXW135923327 BCX0\" data-ccp-charstyle=\"rynqvb\"> del <\/span><span class=\"NormalTextRun SpellingErrorV2Themed SCXW135923327 BCX0\" data-ccp-charstyle=\"rynqvb\">patrimoni<\/span> <span class=\"NormalTextRun SpellingErrorV2Themed SCXW135923327 BCX0\" data-ccp-charstyle=\"rynqvb\">automobil\u00edstic<\/span><span class=\"NormalTextRun SCXW135923327 BCX0\" data-ccp-charstyle=\"rynqvb\"> de <\/span><span class=\"NormalTextRun SpellingErrorV2Themed SCXW135923327 BCX0\" data-ccp-charstyle=\"rynqvb\">vehicles<\/span> <span class=\"NormalTextRun SpellingErrorV2Themed SCXW135923327 BCX0\" data-ccp-charstyle=\"rynqvb\">cl\u00e0ssics<\/span><span class=\"NormalTextRun SCXW135923327 BCX0\" data-ccp-charstyle=\"rynqvb\">.<\/span><\/span><span class=\"EOP SCXW135923327 BCX0\" data-ccp-props=\"{}\">\u00a0<\/span><\/p>\n<p>[\/vc_column_text][vc_single_image image=&#8221;3688&#8243; img_size=&#8221;full&#8221;][\/vc_column][vc_column width=&#8221;1\/3&#8243;][vc_custom_heading text=&#8221;RECANVIS I ACCESSORIS&#8221; font_container=&#8221;tag:h3|text_align:left&#8221; use_theme_fonts=&#8221;yes&#8221; css=&#8221;.vc_custom_1488454509946{margin-top: 0px !important;}&#8221;][vc_column_text css=&#8221;.vc_custom_1748511996335{margin-bottom: 15px !important;}&#8221;]<\/p>\n<p style=\"text-align: justify;\"><span class=\"TextRun SCXW13712980 BCX0\" lang=\"ES-ES\" xml:lang=\"ES-ES\" data-contrast=\"auto\"><span class=\"NormalTextRun SpellingErrorV2Themed SCXW13712980 BCX0\">Suministrem<\/span> <span class=\"NormalTextRun SpellingErrorV2Themed SCXW13712980 BCX0\">tant<\/span><span class=\"NormalTextRun SCXW13712980 BCX0\"> les peces <\/span><span class=\"NormalTextRun SpellingErrorV2Themed SCXW13712980 BCX0\">necess\u00e0ries<\/span> <span class=\"NormalTextRun SpellingErrorV2Themed SCXW13712980 BCX0\">pel<\/span> <span class=\"NormalTextRun SpellingErrorV2Themed SCXW13712980 BCX0\">manteniment<\/span><span class=\"NormalTextRun SCXW13712980 BCX0\"> del <\/span><span class=\"NormalTextRun SpellingErrorV2Themed SCXW13712980 BCX0\">vehicle<\/span> <span class=\"NormalTextRun SpellingErrorV2Themed SCXW13712980 BCX0\">com<\/span> <span class=\"NormalTextRun SpellingErrorV2Themed SCXW13712980 BCX0\">accessoris<\/span> <span class=\"NormalTextRun SpellingErrorV2Themed SCXW13712980 BCX0\">destinats<\/span><span class=\"NormalTextRun SCXW13712980 BCX0\"> a <\/span><span class=\"NormalTextRun SpellingErrorV2Themed SCXW13712980 BCX0\">millorar<\/span><span class=\"NormalTextRun SCXW13712980 BCX0\"> les <\/span><span class=\"NormalTextRun SpellingErrorV2Themed SCXW13712980 BCX0\">prestacions<\/span><span class=\"NormalTextRun SCXW13712980 BCX0\">. <\/span><span class=\"NormalTextRun SpellingErrorV2Themed SCXW13712980 BCX0\">Amortidors<\/span><span class=\"NormalTextRun SCXW13712980 BCX0\">, <\/span><span class=\"NormalTextRun SpellingErrorV2Themed SCXW13712980 BCX0\">refor\u00e7os<\/span><span class=\"NormalTextRun SCXW13712980 BCX0\"> del <\/span><span class=\"NormalTextRun SpellingErrorV2Themed SCXW13712980 BCX0\">pont<\/span><span class=\"NormalTextRun SCXW13712980 BCX0\"> posterior, <\/span><span class=\"NormalTextRun SpellingErrorV2Themed SCXW13712980 BCX0\">llantes<\/span><span class=\"NormalTextRun SCXW13712980 BCX0\">, <\/span><span class=\"NormalTextRun SpellingErrorV2Themed SCXW13712980 BCX0\">frens<\/span><span class=\"NormalTextRun SCXW13712980 BCX0\"> sport\/<\/span><span class=\"NormalTextRun SpellingErrorV2Themed SCXW13712980 BCX0\">competici\u00f3<\/span><span class=\"NormalTextRun SCXW13712980 BCX0\">, <\/span><span class=\"NormalTextRun SpellingErrorV2Themed SCXW13712980 BCX0\">etc<\/span><\/span><span class=\"EOP SCXW13712980 BCX0\" data-ccp-props=\"{}\">\u00a0<\/span><\/p>\n<p>[\/vc_column_text][vc_empty_space height=&#8221;47px&#8221;][vc_single_image image=&#8221;3695&#8243; img_size=&#8221;full&#8221;][\/vc_column][vc_column width=&#8221;1\/3&#8243;][vc_custom_heading text=&#8221;BANC DE PROVES&#8221; font_container=&#8221;tag:h3|text_align:left&#8221; use_theme_fonts=&#8221;yes&#8221; css=&#8221;.vc_custom_1480350209331{margin-top: 0px !important;}&#8221;][vc_column_text css=&#8221;.vc_custom_1478684426677{margin-bottom: 15px !important;}&#8221;]<\/p>\n<p style=\"text-align: justify;\">\u00c9s on es verifica el rendiment del motor despr\u00e9s de les reparacions o b\u00e9 quan es tracta d\u2019una preparaci\u00f3 sport\/competici\u00f3.<\/p>\n<p>[\/vc_column_text][vc_empty_space height=&#8221;47px&#8221;][vc_single_image image=&#8221;3697&#8243; img_size=&#8221;full&#8221;][\/vc_column][\/vc_row][vc_row][vc_column][vc_custom_heading text=&#8221;GALERIA&#8221; use_theme_fonts=&#8221;yes&#8221; css=&#8221;.vc_custom_1476721198566{margin-top: 0px !important;}&#8221;][vc_masonry_media_grid style=&#8221;lazy&#8221; element_width=&#8221;3&#8243; initial_loading_animation=&#8221;fadeIn&#8221; grid_id=&#8221;vc_gid:1748511977966-8ec437b3-b3e8-0&#8243; include=&#8221;3873,3874,3875,3468,3469,3470,3471,3472,3473,3474,3475,3476,3477,3478,3479,3480,3481,3482,3483,3484,3485,3486,3487,3488,3489,3490,3491,3492,3493,3494,3495,3496,3497,3498,3499,3500,3501,3502,3503&#8243;][vc_empty_space height=&#8221;64px&#8221;][\/vc_column][\/vc_row]<\/p>\n<\/div>","protected":false},"excerpt":{"rendered":"<p>[vc_row][vc_column][rev_slider_vc alias=&#8221;taller&#8221;][vc_empty_space][\/vc_column][\/vc_row][vc_row full_width=&#8221;stretch_row&#8221; equal_height=&#8221;yes&#8221;][vc_column width=&#8221;1\/3&#8243;][vc_custom_heading text=&#8221;INSTAL\u00b7LACIONS&#8221; font_container=&#8221;tag:h3|text_align:left&#8221; use_theme_fonts=&#8221;yes&#8221; css=&#8221;.vc_custom_1480350203872{margin-top: 0px !important;}&#8221;][vc_column_text css=&#8221;.vc_custom_1748511987169{margin-bottom: 15px !important;}&#8221;] Disposem d&#8217;instal\u00b7lacions on es fan treballs de manteniment i restauraci\u00f3 dels vehicles adquirits pels nostres clients a Croniqu\u00e9 Esport. Un treball artesanal del Lancia Delta Integrale on ajudem aix\u00ed a mantenir viu part del patrimoni automobil\u00edstic de vehicles cl\u00e0ssics.\u00a0 [\/vc_column_text][vc_single_image image=&#8221;3688&#8243;<a title=\"Continue Reading\" class=\"more-link\" href=\"https:\/\/www.cronique.com\/ca\/taller-cronique\/\"> Continue Reading<\/a><\/p>\n","protected":false},"author":9,"featured_media":0,"parent":0,"menu_order":14,"comment_status":"closed","ping_status":"closed","template":"page-templates\/full-width.php","meta":{"_acf_changed":false,"footnotes":""},"class_list":["post-8","page","type-page","status-publish","hentry"],"acf":[],"_links":{"self":[{"href":"https:\/\/www.cronique.com\/ca\/wp-json\/wp\/v2\/pages\/8","targetHints":{"allow":["GET"]}}],"collection":[{"href":"https:\/\/www.cronique.com\/ca\/wp-json\/wp\/v2\/pages"}],"about":[{"href":"https:\/\/www.cronique.com\/ca\/wp-json\/wp\/v2\/types\/page"}],"author":[{"embeddable":true,"href":"https:\/\/www.cronique.com\/ca\/wp-json\/wp\/v2\/users\/9"}],"replies":[{"embeddable":true,"href":"https:\/\/www.cronique.com\/ca\/wp-json\/wp\/v2\/comments?post=8"}],"version-history":[{"count":3,"href":"https:\/\/www.cronique.com\/ca\/wp-json\/wp\/v2\/pages\/8\/revisions"}],"predecessor-version":[{"id":6866,"href":"https:\/\/www.cronique.com\/ca\/wp-json\/wp\/v2\/pages\/8\/revisions\/6866"}],"wp:attachment":[{"href":"https:\/\/www.cronique.com\/ca\/wp-json\/wp\/v2\/media?parent=8"}],"curies":[{"name":"wp","href":"https:\/\/api.w.org\/{rel}","templated":true}]}}