{"id":3580,"date":"2016-10-20T13:10:28","date_gmt":"2016-10-20T13:10:28","guid":{"rendered":"http:\/\/cronique.com\/?post_type=product&#038;p=3580"},"modified":"2025-08-08T11:35:57","modified_gmt":"2025-08-08T11:35:57","slug":"catala-kit-palanca-de-cambios-tipo-martini-6","status":"publish","type":"product","link":"https:\/\/www.cronique.com\/ca\/tienda\/recambios\/interior\/catala-kit-palanca-de-cambios-tipo-martini-6\/","title":{"rendered":"Kit palanca de canvis tipus Martini 6 (permet conservar el pom original)"},"content":{"rendered":"","protected":false},"excerpt":{"rendered":"<p>Kit de palanca de canvis tipus Martini 6, composta de tots els accessoris necessaris per al seu muntatge. Al mercat hi ha altres kits que obliguen a tallar el pom d&#8217;escuma de la palanca original per poder treure la base (allotjament r\u00f2tula). A manera d&#8217;evitar la p\u00e8rdua d&#8217;aquella pe\u00e7a original, aquest kit Croniqu\u00e9 es subministra amb una BASE D&#8217;ALUMINI per substituir la base original. D&#8217;aquesta manera el client pot instal\u00b7lar el nou kit i conservar el conjunt de pom + palanca de s\u00e8rie.<\/p>\n","protected":false},"featured_media":3581,"comment_status":"closed","ping_status":"closed","template":"","meta":{"_acf_changed":false},"product_cat":[202,203,229],"product_tag":[],"class_list":{"0":"post-3580","1":"product","2":"type-product","3":"status-publish","4":"has-post-thumbnail","6":"product_cat-recambios","7":"product_cat-interior","8":"product_cat-preparacion-sport","9":"product_shipping_class-caja-1-5-kgs","11":"first","12":"outofstock","13":"taxable","14":"shipping-taxable","15":"purchasable","16":"product-type-simple"},"acf":[],"_links":{"self":[{"href":"https:\/\/www.cronique.com\/ca\/wp-json\/wp\/v2\/product\/3580","targetHints":{"allow":["GET"]}}],"collection":[{"href":"https:\/\/www.cronique.com\/ca\/wp-json\/wp\/v2\/product"}],"about":[{"href":"https:\/\/www.cronique.com\/ca\/wp-json\/wp\/v2\/types\/product"}],"replies":[{"embeddable":true,"href":"https:\/\/www.cronique.com\/ca\/wp-json\/wp\/v2\/comments?post=3580"}],"wp:featuredmedia":[{"embeddable":true,"href":"https:\/\/www.cronique.com\/ca\/wp-json\/wp\/v2\/media\/3581"}],"wp:attachment":[{"href":"https:\/\/www.cronique.com\/ca\/wp-json\/wp\/v2\/media?parent=3580"}],"wp:term":[{"taxonomy":"product_cat","embeddable":true,"href":"https:\/\/www.cronique.com\/ca\/wp-json\/wp\/v2\/product_cat?post=3580"},{"taxonomy":"product_tag","embeddable":true,"href":"https:\/\/www.cronique.com\/ca\/wp-json\/wp\/v2\/product_tag?post=3580"}],"curies":[{"name":"wp","href":"https:\/\/api.w.org\/{rel}","templated":true}]}}