{"id":3587,"date":"2016-10-20T13:22:11","date_gmt":"2016-10-20T13:22:11","guid":{"rendered":"http:\/\/cronique.com\/?post_type=product&#038;p=3587"},"modified":"2026-04-09T11:56:00","modified_gmt":"2026-04-09T11:56:00","slug":"llanta-tipo-montecarlo-17-aluminio","status":"publish","type":"product","link":"https:\/\/www.cronique.com\/ca\/tienda\/recambios\/exterior\/llanta-tipo-montecarlo-17-aluminio\/","title":{"rendered":"Llanta tipus Montecarlo 17&#8243; alumini"},"content":{"rendered":"<p class=\"qtranxs-available-languages-message qtranxs-available-languages-message-ca\">Ho sentim, aquesta entrada es troba disponible \u00fanicament en <a href=\"https:\/\/www.cronique.com\/es\/wp-json\/wp\/v2\/product\/3587\" class=\"qtranxs-available-language-link qtranxs-available-language-link-es\" title=\"Espa\u00f1ol\">Espa\u00f1ol<\/a> i <a href=\"https:\/\/www.cronique.com\/en\/wp-json\/wp\/v2\/product\/3587\" class=\"qtranxs-available-language-link qtranxs-available-language-link-en\" title=\"English\">English<\/a>.<\/p>","protected":false},"excerpt":{"rendered":"<p><span style=\"font-weight: 400;\">S\u00f3n unes llantes amb ET 24 i aix\u00f2 ens permet muntar-les directament sense separador aconseguint una amplada de vies superior a la original amb una imatge m\u00e9s esportiva.<\/span><\/p>\n<p><span style=\"font-weight: 400;\">S\u00f3n m\u00e9s econ\u00f2miques que les de Magnesi mantenint el mateix look.<\/span><\/p>\n<p>Necessari desmuntar els passos de roda de pl\u00e0stic davanters. Tot i aix\u00ed poden tocar si es porten amortidors baixos, girant molt el volant o en recolzaments a les corves.<\/p>\n<p>Per m\u00e9s info i import del transport, poden enviar e mail a: cronique@cronique.com<\/p>\n","protected":false},"featured_media":3588,"comment_status":"closed","ping_status":"closed","template":"","meta":{"_acf_changed":false},"product_cat":[202,201,229],"product_tag":[208],"class_list":{"0":"post-3587","1":"product","2":"type-product","3":"status-publish","4":"has-post-thumbnail","6":"product_cat-recambios","7":"product_cat-exterior","8":"product_cat-preparacion-sport","9":"product_tag-llanta","10":"product_shipping_class-midas-excepcionales-3","12":"first","13":"outofstock","14":"featured","15":"taxable","16":"shipping-taxable","17":"purchasable","18":"product-type-simple"},"acf":[],"_links":{"self":[{"href":"https:\/\/www.cronique.com\/ca\/wp-json\/wp\/v2\/product\/3587","targetHints":{"allow":["GET"]}}],"collection":[{"href":"https:\/\/www.cronique.com\/ca\/wp-json\/wp\/v2\/product"}],"about":[{"href":"https:\/\/www.cronique.com\/ca\/wp-json\/wp\/v2\/types\/product"}],"replies":[{"embeddable":true,"href":"https:\/\/www.cronique.com\/ca\/wp-json\/wp\/v2\/comments?post=3587"}],"wp:featuredmedia":[{"embeddable":true,"href":"https:\/\/www.cronique.com\/ca\/wp-json\/wp\/v2\/media\/3588"}],"wp:attachment":[{"href":"https:\/\/www.cronique.com\/ca\/wp-json\/wp\/v2\/media?parent=3587"}],"wp:term":[{"taxonomy":"product_cat","embeddable":true,"href":"https:\/\/www.cronique.com\/ca\/wp-json\/wp\/v2\/product_cat?post=3587"},{"taxonomy":"product_tag","embeddable":true,"href":"https:\/\/www.cronique.com\/ca\/wp-json\/wp\/v2\/product_tag?post=3587"}],"curies":[{"name":"wp","href":"https:\/\/api.w.org\/{rel}","templated":true}]}}