{"id":3963,"date":"2017-03-30T13:52:40","date_gmt":"2017-03-30T13:52:40","guid":{"rendered":"https:\/\/www.cronique.com\/?post_type=product&#038;p=3963"},"modified":"2026-03-03T12:50:46","modified_gmt":"2026-03-03T12:50:46","slug":"kit-de-frenos-para-lancia-delta-evo-350mm","status":"publish","type":"product","link":"https:\/\/www.cronique.com\/ca\/tienda\/recambios\/mecanica\/brakes\/kit-de-frenos-para-lancia-delta-evo-350mm\/","title":{"rendered":"Kit frens Lancia Delta Evoluzione 4 pistons  i 350mm. (Pregunti disponibilitat a cronique@cronique.com)"},"content":{"rendered":"<p>&lt;\n<\/p>","protected":false},"excerpt":{"rendered":"<p>Conjunt de frens per Lancia Deta Evoluzione con pin\u00e7a de 4 pistones i discos de 350mm.<\/p>\n<p>Es suministra preparat pel muntatge amb tots els accessoris necessaris. No es suministra el l\u00edquid de frens.<\/p>\n<p>El kit es suministra amb pastilles CL Brakes RC 6 d&#8217;alta qualitat per \u00fas esportiu. En cas de necessitats de competici\u00f3, agra\u00efriem que es posin en contacte amb nosaltres per e mail per tal d&#8217;escollir les adecuades.<\/p>\n","protected":false},"featured_media":3964,"comment_status":"closed","ping_status":"closed","template":"","meta":{"_acf_changed":false},"product_cat":[202,204,224,229],"product_tag":[],"class_list":{"0":"post-3963","1":"product","2":"type-product","3":"status-publish","4":"has-post-thumbnail","6":"product_cat-recambios","7":"product_cat-mecanica","8":"product_cat-brakes","9":"product_cat-preparacion-sport","10":"product_shipping_class-paquete-tamano-especial","12":"first","13":"outofstock","14":"taxable","15":"shipping-taxable","16":"purchasable","17":"product-type-simple"},"acf":[],"_links":{"self":[{"href":"https:\/\/www.cronique.com\/ca\/wp-json\/wp\/v2\/product\/3963","targetHints":{"allow":["GET"]}}],"collection":[{"href":"https:\/\/www.cronique.com\/ca\/wp-json\/wp\/v2\/product"}],"about":[{"href":"https:\/\/www.cronique.com\/ca\/wp-json\/wp\/v2\/types\/product"}],"replies":[{"embeddable":true,"href":"https:\/\/www.cronique.com\/ca\/wp-json\/wp\/v2\/comments?post=3963"}],"wp:featuredmedia":[{"embeddable":true,"href":"https:\/\/www.cronique.com\/ca\/wp-json\/wp\/v2\/media\/3964"}],"wp:attachment":[{"href":"https:\/\/www.cronique.com\/ca\/wp-json\/wp\/v2\/media?parent=3963"}],"wp:term":[{"taxonomy":"product_cat","embeddable":true,"href":"https:\/\/www.cronique.com\/ca\/wp-json\/wp\/v2\/product_cat?post=3963"},{"taxonomy":"product_tag","embeddable":true,"href":"https:\/\/www.cronique.com\/ca\/wp-json\/wp\/v2\/product_tag?post=3963"}],"curies":[{"name":"wp","href":"https:\/\/api.w.org\/{rel}","templated":true}]}}