{"id":3969,"date":"2017-03-03T16:13:35","date_gmt":"2017-03-03T16:13:35","guid":{"rendered":"https:\/\/www.cronique.com\/?post_type=product&#038;p=3969"},"modified":"2023-10-05T10:10:47","modified_gmt":"2023-10-05T10:10:47","slug":"copelas-traseras-regulables-para-lancia-delta-evoluzione","status":"publish","type":"product","link":"https:\/\/www.cronique.com\/ca\/tienda\/recambios\/mecanica\/suspension-y-direccion\/copelas-traseras-regulables-para-lancia-delta-evoluzione\/","title":{"rendered":"Copel\u00b7les darrera regulables per Lancia Delta Integrale 8\/16v i Evoluzione (parella)"},"content":{"rendered":"<p>&lt;<\/p>\n","protected":false},"excerpt":{"rendered":"<p>Parella del darrera de copel\u00b7les regulables amb caiguda.<\/p>\n<p>Fabricades amb alumini i amb r\u00f2tula per tal d&#8217;aconseguir una conducci\u00f3 sport \/ competici\u00f3 molt m\u00e9s segura ja que les originals s\u00f3n de goma i poc precises.<\/p>\n<p>S&#8217;aconsella muntar-les amb els amortidors de cos roscat per obtenir uns resultats \u00f2ptims.<\/p>\n","protected":false},"featured_media":3970,"comment_status":"closed","ping_status":"closed","template":"","meta":{"_acf_changed":false},"product_cat":[202,204,223,229],"product_tag":[],"class_list":{"0":"post-3969","1":"product","2":"type-product","3":"status-publish","4":"has-post-thumbnail","6":"product_cat-recambios","7":"product_cat-mecanica","8":"product_cat-suspension-y-direccion","9":"product_cat-preparacion-sport","10":"product_shipping_class-caja-1-5-kgs","12":"first","13":"instock","14":"taxable","15":"shipping-taxable","16":"purchasable","17":"product-type-simple"},"acf":[],"_links":{"self":[{"href":"https:\/\/www.cronique.com\/ca\/wp-json\/wp\/v2\/product\/3969","targetHints":{"allow":["GET"]}}],"collection":[{"href":"https:\/\/www.cronique.com\/ca\/wp-json\/wp\/v2\/product"}],"about":[{"href":"https:\/\/www.cronique.com\/ca\/wp-json\/wp\/v2\/types\/product"}],"replies":[{"embeddable":true,"href":"https:\/\/www.cronique.com\/ca\/wp-json\/wp\/v2\/comments?post=3969"}],"wp:featuredmedia":[{"embeddable":true,"href":"https:\/\/www.cronique.com\/ca\/wp-json\/wp\/v2\/media\/3970"}],"wp:attachment":[{"href":"https:\/\/www.cronique.com\/ca\/wp-json\/wp\/v2\/media?parent=3969"}],"wp:term":[{"taxonomy":"product_cat","embeddable":true,"href":"https:\/\/www.cronique.com\/ca\/wp-json\/wp\/v2\/product_cat?post=3969"},{"taxonomy":"product_tag","embeddable":true,"href":"https:\/\/www.cronique.com\/ca\/wp-json\/wp\/v2\/product_tag?post=3969"}],"curies":[{"name":"wp","href":"https:\/\/api.w.org\/{rel}","templated":true}]}}