{"id":4260,"date":"2018-01-09T17:02:16","date_gmt":"2018-01-09T17:02:16","guid":{"rendered":"https:\/\/www.cronique.com\/?post_type=product&#038;p=4260"},"modified":"2022-12-27T10:59:29","modified_gmt":"2022-12-27T10:59:29","slug":"funda-rueda-de-recambio-lancia-delta-integrale-evo","status":"publish","type":"product","link":"https:\/\/www.cronique.com\/ca\/tienda\/recambios\/interior\/funda-rueda-de-recambio-lancia-delta-integrale-evo\/","title":{"rendered":"Funda roda de recanvi per Lancia Delta Integrale \/ Evo"},"content":{"rendered":"<p>&lt;\n<\/p>","protected":false},"excerpt":{"rendered":"<p>Funda de nova fabricaci\u00f3 per la roda de recanvi del Lancia Delta i Evo.<\/p>\n<p>Igual que la original i amb un perfecte encaix.<\/p>\n<p>Tamb\u00e9 disponible la bossa de les eines aqu\u00ed a la nostra botiga.<\/p>\n<p>Comprant les funda de roda + bossa d&#8217;eines gaudir\u00e0s d&#8217;un descompte i transport gratu\u00eft. Tens la oferta del conjunt aqu\u00ed a la nostra botiga.<\/p>\n<p>&nbsp;<\/p>\n","protected":false},"featured_media":4262,"comment_status":"closed","ping_status":"closed","template":"","meta":{"_acf_changed":false},"product_cat":[202,203],"product_tag":[],"class_list":{"0":"post-4260","1":"product","2":"type-product","3":"status-publish","4":"has-post-thumbnail","6":"product_cat-recambios","7":"product_cat-interior","8":"product_shipping_class-caja-1-5-kgs","10":"first","11":"outofstock","12":"taxable","13":"shipping-taxable","14":"purchasable","15":"product-type-simple"},"acf":[],"_links":{"self":[{"href":"https:\/\/www.cronique.com\/ca\/wp-json\/wp\/v2\/product\/4260","targetHints":{"allow":["GET"]}}],"collection":[{"href":"https:\/\/www.cronique.com\/ca\/wp-json\/wp\/v2\/product"}],"about":[{"href":"https:\/\/www.cronique.com\/ca\/wp-json\/wp\/v2\/types\/product"}],"replies":[{"embeddable":true,"href":"https:\/\/www.cronique.com\/ca\/wp-json\/wp\/v2\/comments?post=4260"}],"wp:featuredmedia":[{"embeddable":true,"href":"https:\/\/www.cronique.com\/ca\/wp-json\/wp\/v2\/media\/4262"}],"wp:attachment":[{"href":"https:\/\/www.cronique.com\/ca\/wp-json\/wp\/v2\/media?parent=4260"}],"wp:term":[{"taxonomy":"product_cat","embeddable":true,"href":"https:\/\/www.cronique.com\/ca\/wp-json\/wp\/v2\/product_cat?post=4260"},{"taxonomy":"product_tag","embeddable":true,"href":"https:\/\/www.cronique.com\/ca\/wp-json\/wp\/v2\/product_tag?post=4260"}],"curies":[{"name":"wp","href":"https:\/\/api.w.org\/{rel}","templated":true}]}}