{"id":4320,"date":"2018-02-11T08:16:57","date_gmt":"2018-02-11T08:16:57","guid":{"rendered":"https:\/\/www.cronique.com\/?post_type=product&#038;p=4320"},"modified":"2025-09-12T16:46:55","modified_gmt":"2025-09-12T16:46:55","slug":"filtro-de-aire-deportivo-para-lancia-delta","status":"publish","type":"product","link":"https:\/\/www.cronique.com\/ca\/tienda\/recambios\/mecanica\/motor\/filtro-de-aire-deportivo-para-lancia-delta\/","title":{"rendered":"Filtre d&#8217;aire esportiu\/competici\u00f3 per Lancia Delta Integrale, Evoluzione i Delta serie 1"},"content":{"rendered":"<p>&lt;<\/p>\n","protected":false},"excerpt":{"rendered":"<p>Filtre d&#8217;aire esportiu\/competici\u00f3 marca KN per Lancia Delta HF Turbo, 4WD, Integrale i Evo.<\/p>\n<p>El muntatge \u00e9s molt sencill ja que es substitueix directament per l&#8217;original.<\/p>\n<p>\u00c9s un accessori indispensable si volem millorar el rendiment del motor, \u00e9ssent necess\u00e0ries altres actuacions com muntatge d&#8217;escapament adecuat i configuraci\u00f3 del mapa de gesti\u00f3 de motor si es vol aconseguir un augment de pot\u00e8ncia considerable del motor. A Croniqu\u00e9 Esport Realitzem totes aquestes feines sobre el nostre banc de proves per verificar els resultats.<\/p>\n","protected":false},"featured_media":4314,"comment_status":"closed","ping_status":"closed","template":"","meta":{"_acf_changed":false},"product_cat":[202,204,222],"product_tag":[],"class_list":{"0":"post-4320","1":"product","2":"type-product","3":"status-publish","4":"has-post-thumbnail","6":"product_cat-recambios","7":"product_cat-mecanica","8":"product_cat-motor","9":"product_shipping_class-caja-1-5-kgs","11":"first","12":"outofstock","13":"taxable","14":"shipping-taxable","15":"purchasable","16":"product-type-simple"},"acf":[],"_links":{"self":[{"href":"https:\/\/www.cronique.com\/ca\/wp-json\/wp\/v2\/product\/4320","targetHints":{"allow":["GET"]}}],"collection":[{"href":"https:\/\/www.cronique.com\/ca\/wp-json\/wp\/v2\/product"}],"about":[{"href":"https:\/\/www.cronique.com\/ca\/wp-json\/wp\/v2\/types\/product"}],"replies":[{"embeddable":true,"href":"https:\/\/www.cronique.com\/ca\/wp-json\/wp\/v2\/comments?post=4320"}],"wp:featuredmedia":[{"embeddable":true,"href":"https:\/\/www.cronique.com\/ca\/wp-json\/wp\/v2\/media\/4314"}],"wp:attachment":[{"href":"https:\/\/www.cronique.com\/ca\/wp-json\/wp\/v2\/media?parent=4320"}],"wp:term":[{"taxonomy":"product_cat","embeddable":true,"href":"https:\/\/www.cronique.com\/ca\/wp-json\/wp\/v2\/product_cat?post=4320"},{"taxonomy":"product_tag","embeddable":true,"href":"https:\/\/www.cronique.com\/ca\/wp-json\/wp\/v2\/product_tag?post=4320"}],"curies":[{"name":"wp","href":"https:\/\/api.w.org\/{rel}","templated":true}]}}