{"id":4757,"date":"2020-01-17T10:38:24","date_gmt":"2020-01-17T10:38:24","guid":{"rendered":"https:\/\/www.cronique.com\/?post_type=product&#038;p=4757"},"modified":"2024-05-27T09:52:34","modified_gmt":"2024-05-27T09:52:34","slug":"silent-blocks-para-trapecios-delanteros-sportcompeticion-4-unidades","status":"publish","type":"product","link":"https:\/\/www.cronique.com\/ca\/tienda\/recambios\/mecanica\/suspension-y-direccion\/silent-blocks-para-trapecios-delanteros-sportcompeticion-4-unidades\/","title":{"rendered":"Silent blocks refor\u00e7ats per trapezi davanters (Sport) &#8211; 4 unitats. HF Integrale 8\/16v"},"content":{"rendered":"<p>Utilitzats en preparacions sport \/competici\u00f3 per\u00f2 tamb\u00e9 en vehicles de carrer originals. Di\u00e0metre interior 12mm.&lt;<\/p>","protected":false},"excerpt":{"rendered":"<p>Utilitzats en preparacions sport \/competici\u00f3 per\u00f2 tamb\u00e9 en vehicles de carrer originals. Di\u00e0metre interior 12mm.&lt;<\/p>\n","protected":false},"featured_media":4758,"comment_status":"closed","ping_status":"closed","template":"","meta":{"_acf_changed":false},"product_cat":[202,204,223],"product_tag":[],"class_list":{"0":"post-4757","1":"product","2":"type-product","3":"status-publish","4":"has-post-thumbnail","6":"product_cat-recambios","7":"product_cat-mecanica","8":"product_cat-suspension-y-direccion","9":"product_shipping_class-sobre-1-kg","11":"first","12":"instock","13":"taxable","14":"shipping-taxable","15":"purchasable","16":"product-type-simple"},"acf":[],"_links":{"self":[{"href":"https:\/\/www.cronique.com\/ca\/wp-json\/wp\/v2\/product\/4757","targetHints":{"allow":["GET"]}}],"collection":[{"href":"https:\/\/www.cronique.com\/ca\/wp-json\/wp\/v2\/product"}],"about":[{"href":"https:\/\/www.cronique.com\/ca\/wp-json\/wp\/v2\/types\/product"}],"replies":[{"embeddable":true,"href":"https:\/\/www.cronique.com\/ca\/wp-json\/wp\/v2\/comments?post=4757"}],"wp:featuredmedia":[{"embeddable":true,"href":"https:\/\/www.cronique.com\/ca\/wp-json\/wp\/v2\/media\/4758"}],"wp:attachment":[{"href":"https:\/\/www.cronique.com\/ca\/wp-json\/wp\/v2\/media?parent=4757"}],"wp:term":[{"taxonomy":"product_cat","embeddable":true,"href":"https:\/\/www.cronique.com\/ca\/wp-json\/wp\/v2\/product_cat?post=4757"},{"taxonomy":"product_tag","embeddable":true,"href":"https:\/\/www.cronique.com\/ca\/wp-json\/wp\/v2\/product_tag?post=4757"}],"curies":[{"name":"wp","href":"https:\/\/api.w.org\/{rel}","templated":true}]}}