{"id":4761,"date":"2020-01-17T11:00:19","date_gmt":"2020-01-17T11:00:19","guid":{"rendered":"https:\/\/www.cronique.com\/?post_type=product&#038;p=4761"},"modified":"2024-10-30T12:42:30","modified_gmt":"2024-10-30T12:42:30","slug":"silent-blocks-para-trapecios-delanteros-4-unidades-hf-integrale-816v","status":"publish","type":"product","link":"https:\/\/www.cronique.com\/ca\/tienda\/recambios\/mecanica\/suspension-y-direccion\/silent-blocks-para-trapecios-delanteros-4-unidades-hf-integrale-816v\/","title":{"rendered":"Silentblocks per trapezis davanters refor\u00e7ats (sport) &#8211; 4 unitats. Lancia Delta Evo"},"content":{"rendered":"<p>Utilitzats en curses per\u00f2 tamb\u00e9 en vehicles originals de carrer. Di\u00e0metre interior 14mm.&lt;<\/p>\n<p>S&#8217;han de desmuntar els vells del pont met\u00e0l\u00b7lic original i substitu\u00efr-los.<\/p>","protected":false},"excerpt":{"rendered":"<p>Silentblocks per trapezis davanters refor\u00e7ats (sport) &#8211; 4 unitats. Lancia Delta Evo<\/p>\n","protected":false},"featured_media":4762,"comment_status":"closed","ping_status":"closed","template":"","meta":{"_acf_changed":false},"product_cat":[202,204,223],"product_tag":[],"class_list":{"0":"post-4761","1":"product","2":"type-product","3":"status-publish","4":"has-post-thumbnail","6":"product_cat-recambios","7":"product_cat-mecanica","8":"product_cat-suspension-y-direccion","9":"product_shipping_class-sobre-1-kg","11":"first","12":"instock","13":"taxable","14":"shipping-taxable","15":"purchasable","16":"product-type-simple"},"acf":[],"_links":{"self":[{"href":"https:\/\/www.cronique.com\/ca\/wp-json\/wp\/v2\/product\/4761","targetHints":{"allow":["GET"]}}],"collection":[{"href":"https:\/\/www.cronique.com\/ca\/wp-json\/wp\/v2\/product"}],"about":[{"href":"https:\/\/www.cronique.com\/ca\/wp-json\/wp\/v2\/types\/product"}],"replies":[{"embeddable":true,"href":"https:\/\/www.cronique.com\/ca\/wp-json\/wp\/v2\/comments?post=4761"}],"wp:featuredmedia":[{"embeddable":true,"href":"https:\/\/www.cronique.com\/ca\/wp-json\/wp\/v2\/media\/4762"}],"wp:attachment":[{"href":"https:\/\/www.cronique.com\/ca\/wp-json\/wp\/v2\/media?parent=4761"}],"wp:term":[{"taxonomy":"product_cat","embeddable":true,"href":"https:\/\/www.cronique.com\/ca\/wp-json\/wp\/v2\/product_cat?post=4761"},{"taxonomy":"product_tag","embeddable":true,"href":"https:\/\/www.cronique.com\/ca\/wp-json\/wp\/v2\/product_tag?post=4761"}],"curies":[{"name":"wp","href":"https:\/\/api.w.org\/{rel}","templated":true}]}}