{"id":4794,"date":"2020-04-03T16:59:48","date_gmt":"2020-04-03T16:59:48","guid":{"rendered":"https:\/\/www.cronique.com\/?post_type=product&#038;p=4794"},"modified":"2026-03-05T12:00:14","modified_gmt":"2026-03-05T12:00:14","slug":"juego-de-soportes-aluminio-para-aleron","status":"publish","type":"product","link":"https:\/\/www.cronique.com\/ca\/tienda\/recambios\/exterior\/juego-de-soportes-aluminio-para-aleron\/","title":{"rendered":"Joc de suports alumini per aler\u00f3 + parella de gomes"},"content":{"rendered":"<p>&lt;<\/p>\n","protected":false},"excerpt":{"rendered":"<p>Els suports d&#8217;alumini ofereixen un rendiment superior als de fibra, tenint suficient rigidesa com per evitar falsos moviments de l&#8217;aler\u00f3 provocats per la marxa en carretera i possibles esquerdes.<\/p>\n<p>S&#8217;entreguen amb la parella de gomes necess\u00e0ries perqu\u00e8 els suports s&#8217;adaptin correctament sobre el port\u00f3 que \u00e9s on van muntats.<\/p>\n","protected":false},"featured_media":6181,"comment_status":"closed","ping_status":"closed","template":"","meta":{"_acf_changed":false},"product_cat":[202,201],"product_tag":[],"class_list":{"0":"post-4794","1":"product","2":"type-product","3":"status-publish","4":"has-post-thumbnail","6":"product_cat-recambios","7":"product_cat-exterior","8":"product_shipping_class-sobre-1-kg","10":"first","11":"outofstock","12":"taxable","13":"shipping-taxable","14":"purchasable","15":"product-type-simple"},"acf":[],"_links":{"self":[{"href":"https:\/\/www.cronique.com\/ca\/wp-json\/wp\/v2\/product\/4794","targetHints":{"allow":["GET"]}}],"collection":[{"href":"https:\/\/www.cronique.com\/ca\/wp-json\/wp\/v2\/product"}],"about":[{"href":"https:\/\/www.cronique.com\/ca\/wp-json\/wp\/v2\/types\/product"}],"replies":[{"embeddable":true,"href":"https:\/\/www.cronique.com\/ca\/wp-json\/wp\/v2\/comments?post=4794"}],"wp:featuredmedia":[{"embeddable":true,"href":"https:\/\/www.cronique.com\/ca\/wp-json\/wp\/v2\/media\/6181"}],"wp:attachment":[{"href":"https:\/\/www.cronique.com\/ca\/wp-json\/wp\/v2\/media?parent=4794"}],"wp:term":[{"taxonomy":"product_cat","embeddable":true,"href":"https:\/\/www.cronique.com\/ca\/wp-json\/wp\/v2\/product_cat?post=4794"},{"taxonomy":"product_tag","embeddable":true,"href":"https:\/\/www.cronique.com\/ca\/wp-json\/wp\/v2\/product_tag?post=4794"}],"curies":[{"name":"wp","href":"https:\/\/api.w.org\/{rel}","templated":true}]}}