{"id":5280,"date":"2021-01-21T11:39:47","date_gmt":"2021-01-21T11:39:47","guid":{"rendered":"https:\/\/www.cronique.com\/?post_type=product&#038;p=5280"},"modified":"2026-04-27T10:12:44","modified_gmt":"2026-04-27T10:12:44","slug":"rotula-barra-estabilizadora-delantera-lancia-delta-evo","status":"publish","type":"product","link":"https:\/\/www.cronique.com\/ca\/tienda\/recambios\/mecanica\/suspension-y-direccion\/rotula-barra-estabilizadora-delantera-lancia-delta-evo\/","title":{"rendered":"R\u00f2tula refor\u00e7ada per barra estabilitzadora davantera. Amb caputx\u00f3 de goma com les originals. Lancia Delta Evoluzione"},"content":{"rendered":"","protected":false},"excerpt":{"rendered":"<p>La barra estabilitzadora dels Lancia Delta Evo, porten un conjunt de r\u00f2tula al costat dret i un altre igual al costat esquerra. Aquest article pot servir per ambd\u00f3s costats per\u00f2 en cas que vulgui canviar els dos costats, haur\u00e0 de comprar dues unitats.<\/p>\n","protected":false},"featured_media":5281,"comment_status":"closed","ping_status":"closed","template":"","meta":{"_acf_changed":false},"product_cat":[202,204,223],"product_tag":[],"class_list":{"0":"post-5280","1":"product","2":"type-product","3":"status-publish","4":"has-post-thumbnail","6":"product_cat-recambios","7":"product_cat-mecanica","8":"product_cat-suspension-y-direccion","9":"product_shipping_class-sobre-1-kg","11":"first","12":"instock","13":"taxable","14":"shipping-taxable","15":"purchasable","16":"product-type-simple"},"acf":[],"_links":{"self":[{"href":"https:\/\/www.cronique.com\/ca\/wp-json\/wp\/v2\/product\/5280","targetHints":{"allow":["GET"]}}],"collection":[{"href":"https:\/\/www.cronique.com\/ca\/wp-json\/wp\/v2\/product"}],"about":[{"href":"https:\/\/www.cronique.com\/ca\/wp-json\/wp\/v2\/types\/product"}],"replies":[{"embeddable":true,"href":"https:\/\/www.cronique.com\/ca\/wp-json\/wp\/v2\/comments?post=5280"}],"wp:featuredmedia":[{"embeddable":true,"href":"https:\/\/www.cronique.com\/ca\/wp-json\/wp\/v2\/media\/5281"}],"wp:attachment":[{"href":"https:\/\/www.cronique.com\/ca\/wp-json\/wp\/v2\/media?parent=5280"}],"wp:term":[{"taxonomy":"product_cat","embeddable":true,"href":"https:\/\/www.cronique.com\/ca\/wp-json\/wp\/v2\/product_cat?post=5280"},{"taxonomy":"product_tag","embeddable":true,"href":"https:\/\/www.cronique.com\/ca\/wp-json\/wp\/v2\/product_tag?post=5280"}],"curies":[{"name":"wp","href":"https:\/\/api.w.org\/{rel}","templated":true}]}}