{"id":6186,"date":"2023-04-27T10:55:59","date_gmt":"2023-04-27T10:55:59","guid":{"rendered":"https:\/\/www.cronique.com\/?post_type=product&#038;p=6186"},"modified":"2025-12-07T07:24:16","modified_gmt":"2025-12-07T07:24:16","slug":"juego-de-2-refuerzos-inox-delanteros-inferiores-lancia-delta-integrale-16v-evo","status":"publish","type":"product","link":"https:\/\/www.cronique.com\/ca\/tienda\/recambios\/mecanica\/juego-de-2-refuerzos-inox-delanteros-inferiores-lancia-delta-integrale-16v-evo\/","title":{"rendered":"Joc de 2 refor\u00e7os inox davanters inferiors Lancia Delta Integrale 16v \/ Evo"},"content":{"rendered":"<p>Joc de 2 barres de refor\u00e7 inoxidables que es munten a la part inferior davantera i que ens ajuda a redu\u00efr el moviment de carrosseria de la part frontal que habitualment provoca esquerdes, sobretot amb amortiguaci\u00f3 endurida.<\/p>","protected":false},"excerpt":{"rendered":"<p>Joc de 2 barres de refor\u00e7 inoxidables que es munten a la part inferior davantera i que ens ajuda a redu\u00efr el moviment de carrosseria de la part frontal que habitualment provoca esquerdes, sobretot amb amortiguaci\u00f3 endurida.<\/p>\n","protected":false},"featured_media":6189,"comment_status":"closed","ping_status":"closed","template":"","meta":{"_acf_changed":false},"product_cat":[202,204,229],"product_tag":[],"class_list":{"0":"post-6186","1":"product","2":"type-product","3":"status-publish","4":"has-post-thumbnail","6":"product_cat-recambios","7":"product_cat-mecanica","8":"product_cat-preparacion-sport","9":"product_shipping_class-caja-1-5-kgs","11":"first","12":"outofstock","13":"taxable","14":"shipping-taxable","15":"purchasable","16":"product-type-simple"},"acf":[],"_links":{"self":[{"href":"https:\/\/www.cronique.com\/ca\/wp-json\/wp\/v2\/product\/6186","targetHints":{"allow":["GET"]}}],"collection":[{"href":"https:\/\/www.cronique.com\/ca\/wp-json\/wp\/v2\/product"}],"about":[{"href":"https:\/\/www.cronique.com\/ca\/wp-json\/wp\/v2\/types\/product"}],"replies":[{"embeddable":true,"href":"https:\/\/www.cronique.com\/ca\/wp-json\/wp\/v2\/comments?post=6186"}],"wp:featuredmedia":[{"embeddable":true,"href":"https:\/\/www.cronique.com\/ca\/wp-json\/wp\/v2\/media\/6189"}],"wp:attachment":[{"href":"https:\/\/www.cronique.com\/ca\/wp-json\/wp\/v2\/media?parent=6186"}],"wp:term":[{"taxonomy":"product_cat","embeddable":true,"href":"https:\/\/www.cronique.com\/ca\/wp-json\/wp\/v2\/product_cat?post=6186"},{"taxonomy":"product_tag","embeddable":true,"href":"https:\/\/www.cronique.com\/ca\/wp-json\/wp\/v2\/product_tag?post=6186"}],"curies":[{"name":"wp","href":"https:\/\/api.w.org\/{rel}","templated":true}]}}